{"id":4386,"date":"2022-06-01T12:45:42","date_gmt":"2022-06-01T15:45:42","guid":{"rendered":"https:\/\/muugarte.com.br\/product\/cubo-mexico\/"},"modified":"2025-10-02T19:06:30","modified_gmt":"2025-10-02T22:06:30","slug":"bucket-mexico","status":"publish","type":"product","link":"https:\/\/muugarte.com.br\/es\/product\/bucket-mexico\/","title":{"rendered":"Bucket Mexico"},"content":{"rendered":"<p><strong>\u00bfQu\u00e9 es el arte?<\/strong><br \/>\nEl Fine Art es un tipo de impresi\u00f3n realizada en papel de algod\u00f3n y con pigmentos minerales, que garantizan que el color sea muy fiel a la obra original y que los detalles (pinceladas y trazos) sean muy n\u00edtidos. Este tipo de impresi\u00f3n es utilizado por museos y galer\u00edas, da una durabilidad de m\u00e1s de 50 a\u00f1os, por lo que esta obra le acompa\u00f1ar\u00e1 durante mucho tiempo con calidad.<\/p>\n","protected":false},"excerpt":{"rendered":"<p>Cada obra de arte est\u00e1 firmada por el artista y tiene un n\u00famero limitado de ejemplares.<br \/>\nImpreso en papel Photo Rag 308, libre de \u00e1cido, 100% algod\u00f3n.<br \/>\nTama\u00f1o de la impresi\u00f3n 29,7 X 37 cms<\/p>\n<p>&nbsp;<\/p>\n<p><strong style=\"font-size: 16px;\">PEDIDOS<\/strong><br \/>\n<strong style=\"font-size: 14px;\">Para los pedidos, el plazo de producci\u00f3n es de 10 d\u00edas laborables y luego se aplicar\u00e1n los plazos de entrega<\/strong><\/p>\n","protected":false},"featured_media":3691,"comment_status":"open","ping_status":"closed","template":"","meta":[],"product_brand":[],"product_cat":[145],"product_tag":[],"class_list":{"0":"post-4386","1":"product","2":"type-product","3":"status-publish","4":"has-post-thumbnail","6":"product_cat-elegance-es","8":"first","9":"instock","10":"sold-individually","11":"shipping-taxable","12":"purchasable","13":"product-type-simple","14":"layout-style-2","15":"col-md-4 col-sm-4 col-xs-6","16":"col-lg-3","17":"product-has-gallery","18":"product-style-default"},"_links":{"self":[{"href":"https:\/\/muugarte.com.br\/es\/wp-json\/wp\/v2\/product\/4386","targetHints":{"allow":["GET"]}}],"collection":[{"href":"https:\/\/muugarte.com.br\/es\/wp-json\/wp\/v2\/product"}],"about":[{"href":"https:\/\/muugarte.com.br\/es\/wp-json\/wp\/v2\/types\/product"}],"replies":[{"embeddable":true,"href":"https:\/\/muugarte.com.br\/es\/wp-json\/wp\/v2\/comments?post=4386"}],"wp:featuredmedia":[{"embeddable":true,"href":"https:\/\/muugarte.com.br\/es\/wp-json\/wp\/v2\/media\/3691"}],"wp:attachment":[{"href":"https:\/\/muugarte.com.br\/es\/wp-json\/wp\/v2\/media?parent=4386"}],"wp:term":[{"taxonomy":"product_brand","embeddable":true,"href":"https:\/\/muugarte.com.br\/es\/wp-json\/wp\/v2\/product_brand?post=4386"},{"taxonomy":"product_cat","embeddable":true,"href":"https:\/\/muugarte.com.br\/es\/wp-json\/wp\/v2\/product_cat?post=4386"},{"taxonomy":"product_tag","embeddable":true,"href":"https:\/\/muugarte.com.br\/es\/wp-json\/wp\/v2\/product_tag?post=4386"}],"curies":[{"name":"wp","href":"https:\/\/api.w.org\/{rel}","templated":true}]}}