{"id":6817,"date":"2023-04-17T21:16:59","date_gmt":"2023-04-18T00:16:59","guid":{"rendered":"https:\/\/muugarte.com.br\/?post_type=product&#038;p=6817"},"modified":"2024-10-04T16:53:10","modified_gmt":"2024-10-04T19:53:10","slug":"costa-rica","status":"publish","type":"product","link":"https:\/\/muugarte.com.br\/es\/product\/costa-rica\/","title":{"rendered":"Costa Rica"},"content":{"rendered":"<p><strong>\u00bfQu\u00e9 es el arte?<\/strong>  El Fine Art es un tipo de impresi\u00f3n realizada sobre papel de algod\u00f3n de 308 g\/m\u00b2 y con pigmentos minerales, que garantizan que el color sea muy fiel a la obra original y que los detalles (pinceladas y trazos) sean muy n\u00edtidos. Este tipo de impresi\u00f3n es utilizado por museos y galer\u00edas, da una durabilidad de m\u00e1s de 50 a\u00f1os, por lo que esta obra le acompa\u00f1ar\u00e1 durante mucho tiempo con calidad.<\/p>\n","protected":false},"excerpt":{"rendered":"<p>Cada obra de arte est\u00e1 firmada por el artista y tiene un n\u00famero limitado de ejemplares. Impreso en papel Photo Rag 308, sin \u00e1cido, 100% algod\u00f3n. &nbsp;<strong style=\"font-size: 16px;\">PEDIDOSPara<\/strong><strong style=\"font-size: 14px;\">los pedidos, el plazo de producci\u00f3n es de 09 d\u00edas laborables y despu\u00e9s se aplicar\u00e1n los plazos de entrega.<\/strong><\/p>\n","protected":false},"featured_media":6792,"comment_status":"open","ping_status":"closed","template":"","meta":[],"product_brand":[],"product_cat":[84,104],"product_tag":[],"class_list":{"0":"post-6817","1":"product","2":"type-product","3":"status-publish","4":"has-post-thumbnail","6":"product_cat-favoritos-del-artista","7":"product_cat-nadadores-es-2","9":"first","10":"onbackorder","11":"sold-individually","12":"shipping-taxable","13":"purchasable","14":"product-type-variable","15":"layout-style-2","16":"col-md-4 col-sm-4 col-xs-6","17":"col-lg-3","18":"product-has-gallery","19":"product-style-default"},"_links":{"self":[{"href":"https:\/\/muugarte.com.br\/es\/wp-json\/wp\/v2\/product\/6817","targetHints":{"allow":["GET"]}}],"collection":[{"href":"https:\/\/muugarte.com.br\/es\/wp-json\/wp\/v2\/product"}],"about":[{"href":"https:\/\/muugarte.com.br\/es\/wp-json\/wp\/v2\/types\/product"}],"replies":[{"embeddable":true,"href":"https:\/\/muugarte.com.br\/es\/wp-json\/wp\/v2\/comments?post=6817"}],"wp:featuredmedia":[{"embeddable":true,"href":"https:\/\/muugarte.com.br\/es\/wp-json\/wp\/v2\/media\/6792"}],"wp:attachment":[{"href":"https:\/\/muugarte.com.br\/es\/wp-json\/wp\/v2\/media?parent=6817"}],"wp:term":[{"taxonomy":"product_brand","embeddable":true,"href":"https:\/\/muugarte.com.br\/es\/wp-json\/wp\/v2\/product_brand?post=6817"},{"taxonomy":"product_cat","embeddable":true,"href":"https:\/\/muugarte.com.br\/es\/wp-json\/wp\/v2\/product_cat?post=6817"},{"taxonomy":"product_tag","embeddable":true,"href":"https:\/\/muugarte.com.br\/es\/wp-json\/wp\/v2\/product_tag?post=6817"}],"curies":[{"name":"wp","href":"https:\/\/api.w.org\/{rel}","templated":true}]}}