{"id":8343,"date":"2024-11-20T11:52:32","date_gmt":"2024-11-20T14:52:32","guid":{"rendered":"https:\/\/muugarte.com.br\/product\/kit-de-navidad\/"},"modified":"2025-04-07T18:24:38","modified_gmt":"2025-04-07T21:24:38","slug":"kit-construye-el-tuyo-propio","status":"publish","type":"product","link":"https:\/\/muugarte.com.br\/es\/product\/kit-construye-el-tuyo-propio\/","title":{"rendered":"Kit: Construye el tuyo propio"},"content":{"rendered":"<p>El kit de Navidad perfecto para quienes valoran los regalos creativos, exclusivos y personalizados. Incluye:<\/p>\n<p>Fine Art: Una obra de arte, impresa en papel Photo Rag de 308 g\/m\u00b2, sin \u00e1cido, 100% algod\u00f3n.<br \/>\nCon una tirada limitada y una durabilidad de m\u00e1s de 50 a\u00f1os, la impresi\u00f3n resalta cada detalle y color con calidad de museo. Bolsa Praia: Pr\u00e1ctica y elegante bolsa, fabricada en tejido de sarga de 150 g\/m\u00b2 con impresi\u00f3n digital a doble cara.<br \/>\nLavable a m\u00e1quina, con una correa de algod\u00f3n negro, es perfecta para el uso diario o para un viaje a la playa. Libreta: Una libreta rayada de tapa dura con doble espiral met\u00e1lica y el\u00e1stico negro. Con 160 p\u00e1ginas de papel Pollen, es ideal para estudiar, tomar notas o realizar proyectos creativos.<\/p>\n<p>\u00bfLa diferencia? Puedes elegir el estampado de todos los art\u00edculos entre los disponibles, garantizando un kit \u00fanico y lleno de personalidad. Adem\u00e1s, te lo enviaremos en un embalaje especial para regalo, \u00a1listo para deleitarte!<\/p>\n","protected":false},"excerpt":{"rendered":"<p>Un regalo \u00fanico y personalizado: elige el estampado para la funda, la bolsa de playa y el cuaderno. \u00a1Exclusividad y estilo en un kit!<\/p>\n","protected":false},"featured_media":8660,"comment_status":"open","ping_status":"closed","template":"","meta":[],"product_brand":[],"product_cat":[84],"product_tag":[],"class_list":{"0":"post-8343","1":"product","2":"type-product","3":"status-publish","4":"has-post-thumbnail","6":"product_cat-favoritos-del-artista","8":"first","9":"instock","10":"shipping-taxable","11":"purchasable","12":"product-type-composite","13":"layout-style-2","14":"col-md-4 col-sm-4 col-xs-6","15":"col-lg-3","16":"product-style-default"},"_links":{"self":[{"href":"https:\/\/muugarte.com.br\/es\/wp-json\/wp\/v2\/product\/8343","targetHints":{"allow":["GET"]}}],"collection":[{"href":"https:\/\/muugarte.com.br\/es\/wp-json\/wp\/v2\/product"}],"about":[{"href":"https:\/\/muugarte.com.br\/es\/wp-json\/wp\/v2\/types\/product"}],"replies":[{"embeddable":true,"href":"https:\/\/muugarte.com.br\/es\/wp-json\/wp\/v2\/comments?post=8343"}],"wp:featuredmedia":[{"embeddable":true,"href":"https:\/\/muugarte.com.br\/es\/wp-json\/wp\/v2\/media\/8660"}],"wp:attachment":[{"href":"https:\/\/muugarte.com.br\/es\/wp-json\/wp\/v2\/media?parent=8343"}],"wp:term":[{"taxonomy":"product_brand","embeddable":true,"href":"https:\/\/muugarte.com.br\/es\/wp-json\/wp\/v2\/product_brand?post=8343"},{"taxonomy":"product_cat","embeddable":true,"href":"https:\/\/muugarte.com.br\/es\/wp-json\/wp\/v2\/product_cat?post=8343"},{"taxonomy":"product_tag","embeddable":true,"href":"https:\/\/muugarte.com.br\/es\/wp-json\/wp\/v2\/product_tag?post=8343"}],"curies":[{"name":"wp","href":"https:\/\/api.w.org\/{rel}","templated":true}]}}